{"id":5538,"date":"2023-08-28T11:54:52","date_gmt":"2023-08-28T09:54:52","guid":{"rendered":"https:\/\/deval.web4.casc-hosting.at\/press\/"},"modified":"2024-04-27T18:59:43","modified_gmt":"2024-04-27T16:59:43","slug":"press","status":"publish","type":"page","link":"https:\/\/devalrestaurant.at\/en\/press\/","title":{"rendered":"Press"},"content":{"rendered":"\t\t<div data-elementor-type=\"wp-page\" data-elementor-id=\"5538\" class=\"elementor elementor-5538 elementor-5219\" data-elementor-post-type=\"page\">\n\t\t\t\t<div class=\"elementor-element elementor-element-f091a19 e-flex e-con-boxed e-con e-parent\" data-id=\"f091a19\" data-element_type=\"container\" data-e-type=\"container\">\n\t\t\t\t\t<div class=\"e-con-inner\">\n\t\t\t\t<div class=\"elementor-element elementor-element-ee530b6 elementor-widget elementor-widget-heading\" data-id=\"ee530b6\" data-element_type=\"widget\" data-e-type=\"widget\" data-widget_type=\"heading.default\">\n\t\t\t\t<div class=\"elementor-widget-container\">\n\t\t\t\t\t<h1 class=\"elementor-heading-title elementor-size-default\">Press<\/h1>\t\t\t\t<\/div>\n\t\t\t\t<\/div>\n\t\t<div class=\"elementor-element elementor-element-8ce4772 e-con-full e-flex e-con e-child\" data-id=\"8ce4772\" data-element_type=\"container\" data-e-type=\"container\">\n\t\t\t\t<div class=\"elementor-element elementor-element-3340109 elementor-widget elementor-widget-heading\" data-id=\"3340109\" data-element_type=\"widget\" data-e-type=\"widget\" data-widget_type=\"heading.default\">\n\t\t\t\t<div class=\"elementor-widget-container\">\n\t\t\t\t\t<h2 class=\"elementor-heading-title elementor-size-default\">TRAVEL WHISPER<\/h2>\t\t\t\t<\/div>\n\t\t\t\t<\/div>\n\t\t\t\t<div class=\"elementor-element elementor-element-fae1559 elementor-widget elementor-widget-text-editor\" data-id=\"fae1559\" data-element_type=\"widget\" data-e-type=\"widget\" data-widget_type=\"text-editor.default\">\n\t\t\t\t<div class=\"elementor-widget-container\">\n\t\t\t\t\t\t\t\t\t<p>&#8220;From the very first second we felt very comfortable at DEVAL&#8230;The evening slowed us down from our daily routine, allowing us to intensely engage with Chef Daan de Val&#8217;s curated 6-course menu. Evelyn and Daan have created a place in the heart of Vienna where they bring inspiring dishes to life. &#8220;<\/p>\n<p>See <a href=\"https:\/\/www.travel-whisper.com\/2023\/05\/deval-restaurant-wien_7.html\" target=\"_blank\" rel=\"noopener\">Travel Whisper<\/a><\/p>\n\t\t\t\t\t\t\t\t<\/div>\n\t\t\t\t<\/div>\n\t\t\t\t<\/div>\n\t\t<div class=\"elementor-element elementor-element-f8e42f3 e-con-full e-flex e-con e-child\" data-id=\"f8e42f3\" data-element_type=\"container\" data-e-type=\"container\">\n\t\t\t\t<div class=\"elementor-element elementor-element-8104032 elementor-widget elementor-widget-heading\" data-id=\"8104032\" data-element_type=\"widget\" data-e-type=\"widget\" data-widget_type=\"heading.default\">\n\t\t\t\t<div class=\"elementor-widget-container\">\n\t\t\t\t\t<h2 class=\"elementor-heading-title elementor-size-default\">Gault Millau Austria<\/h2>\t\t\t\t<\/div>\n\t\t\t\t<\/div>\n\t\t\t\t<div class=\"elementor-element elementor-element-33518e9 elementor-widget elementor-widget-text-editor\" data-id=\"33518e9\" data-element_type=\"widget\" data-e-type=\"widget\" data-widget_type=\"text-editor.default\">\n\t\t\t\t<div class=\"elementor-widget-container\">\n\t\t\t\t\t\t\t\t\t<p>&#8220;&#8221;We only serve food and drinks &#8211; right down to the spirits &#8211; from Austria &#8230; with the exception of me,&#8221; Daan de Val told us as he invited us to a Wachau &#8220;cognac&#8221; to round off a successful evening. The Dutchman runs the tasteful, small, two-level restaurant not far from Parliament and City Hall with his partner Evelyn Schranz, who takes the best care of the guests and the wine. A 6-course menu is offered, but also a commendable vegetarian option &#8211; both were convincing. As highlights, we would like to highlight the dialogue between salmon trout and apple with hazelnut and ginger and the mangalitsa belly braised above ground with leeks, pumpkin and chorizo. Likewise, the mushroom variation with cucumber, autumn truffle and burgundy (the dish of the evening!) and goat cheese with zucchini, chili and melon were especially fun for the vegetarians among us. All prepared with great effort, most of which you know how to translate into a great taste experience.&#8221;<\/p>\n<p>See <a href=\"https:\/\/www.gaultmillau.at\/restaurant\/deval\" target=\"_blank\" rel=\"noopener\">Gault&amp;Millau Guide<\/a> 2023<\/p>\n\t\t\t\t\t\t\t\t<\/div>\n\t\t\t\t<\/div>\n\t\t\t\t<\/div>\n\t\t<div class=\"elementor-element elementor-element-f975716 e-con-full e-flex e-con e-child\" data-id=\"f975716\" data-element_type=\"container\" data-e-type=\"container\">\n\t\t\t\t<div class=\"elementor-element elementor-element-5e991ae elementor-widget elementor-widget-heading\" data-id=\"5e991ae\" data-element_type=\"widget\" data-e-type=\"widget\" data-widget_type=\"heading.default\">\n\t\t\t\t<div class=\"elementor-widget-container\">\n\t\t\t\t\t<h2 class=\"elementor-heading-title elementor-size-default\">A-List: Best of Austria<\/h2>\t\t\t\t<\/div>\n\t\t\t\t<\/div>\n\t\t\t\t<div class=\"elementor-element elementor-element-a9ebbc1 elementor-widget elementor-widget-text-editor\" data-id=\"a9ebbc1\" data-element_type=\"widget\" data-e-type=\"widget\" data-widget_type=\"text-editor.default\">\n\t\t\t\t<div class=\"elementor-widget-container\">\n\t\t\t\t\t\t\t\t\t<p class=\"font_9\">&#8220;Daan de Val is a native Dutchman, but still knows his way around downtown <a href=\"https:\/\/www.a-list.at\/wien.html\" target=\"_blank\" rel=\"nofollow noopener\">Vienna<\/a> pretty well. Among other things, he has already cooked for the Canadian Embassy on the Laurenzerberg and worked as head chef in M\u00f6rwald&#8217;s Kochamt at Palais Ferstel. Now, together with his fianc\u00e9e Evelyn Schranz, he has set up his own business in the Rathausgr\u00e4tzel in the first district. In their restaurant DEVAL just behind the Parliament, the two focus on fine dining exclusively from local organic ingredients.&#8221;<\/p>\n<p class=\"font_9\">See: <a href=\"https:\/\/www.a-list.at\/oesterreich\/l\/4651\" target=\"_blank\" rel=\"nofollow noopener\">https:\/\/www.a-list.at\/oesterreich\/l\/4651<\/a><\/p>\n<p class=\"font_9\">See TOP 10 GOURMET RESTAURANTS IN VIENNA: <\/p>\n<p class=\"font_9\"><a href=\"https:\/\/www.a-list.at\/wien\/editors-choice\/l\/gourmet-restaurants-foodie-hotspots-fine-dining.html\" target=\"_blank\" rel=\"nofollow noopener\">https:\/\/www.a-list.at\/wien\/editors-choice\/l\/gourmet-restaurants-foodie-hotspots-fine-dining.html<\/a><\/p>\n\t\t\t\t\t\t\t\t<\/div>\n\t\t\t\t<\/div>\n\t\t\t\t<\/div>\n\t\t<div class=\"elementor-element elementor-element-4ff5897 e-con-full e-flex e-con e-child\" data-id=\"4ff5897\" data-element_type=\"container\" data-e-type=\"container\">\n\t\t\t\t<div class=\"elementor-element elementor-element-cb5b33b elementor-widget elementor-widget-heading\" data-id=\"cb5b33b\" data-element_type=\"widget\" data-e-type=\"widget\" data-widget_type=\"heading.default\">\n\t\t\t\t<div class=\"elementor-widget-container\">\n\t\t\t\t\t<h2 class=\"elementor-heading-title elementor-size-default\">KURIER - Florian Holzer's restaurant test<\/h2>\t\t\t\t<\/div>\n\t\t\t\t<\/div>\n\t\t\t\t<div class=\"elementor-element elementor-element-a20e0a4 elementor-widget elementor-widget-text-editor\" data-id=\"a20e0a4\" data-element_type=\"widget\" data-e-type=\"widget\" data-widget_type=\"text-editor.default\">\n\t\t\t\t<div class=\"elementor-widget-container\">\n\t\t\t\t\t\t\t\t\t<p class=\"font_9\">&#8220;This small restaurant brings great enrichment: only seasonal food is cooked here.&#8221;<\/p>\n<p class=\"font_9\">&#8220;In any case, no one has cooked so classically on the one hand and creatively on the other for a long time; this tiny restaurant is an absolute asset.&#8221;<\/p>\n<p class=\"font_9\">See: <a href=\"https:\/\/kurier.at\/freizeit\/salz-und-pfeffer\/florian-holzers-restauranttest-deval\/400347181\" target=\"_blank\" rel=\"nofollow noopener\">https:\/\/kurier.at\/freizeit\/salz-und-pfeffer\/florian-holzers-restauranttest-deval\/400347181<\/a><\/p>\n\t\t\t\t\t\t\t\t<\/div>\n\t\t\t\t<\/div>\n\t\t\t\t<\/div>\n\t\t<div class=\"elementor-element elementor-element-20eee8f e-con-full e-flex e-con e-child\" data-id=\"20eee8f\" data-element_type=\"container\" data-e-type=\"container\">\n\t\t\t\t<div class=\"elementor-element elementor-element-c928ba2 elementor-widget elementor-widget-heading\" data-id=\"c928ba2\" data-element_type=\"widget\" data-e-type=\"widget\" data-widget_type=\"heading.default\">\n\t\t\t\t<div class=\"elementor-widget-container\">\n\t\t\t\t\t<h2 class=\"elementor-heading-title elementor-size-default\">profil - eatdrink: The fermenting Dutchman<\/h2>\t\t\t\t<\/div>\n\t\t\t\t<\/div>\n\t\t\t\t<div class=\"elementor-element elementor-element-3c9d81a elementor-widget elementor-widget-text-editor\" data-id=\"3c9d81a\" data-element_type=\"widget\" data-e-type=\"widget\" data-widget_type=\"text-editor.default\">\n\t\t\t\t<div class=\"elementor-widget-container\">\n\t\t\t\t\t\t\t\t\t<p class=\"font_9\">&#8220;A distinctive cuisine, equipped with a great deal of savvy and flair. I&#8217;m pulling out the Critic&#8217;s Pick label today.&#8221;<\/p>\n<p class=\"font_9\">&#8220;The Little Mermaid&#8221; finally comes back to honor the tench, this fine underrated carp-like, accompanied by homemade sambal powder from Viennese chilies, marinated cucumbers, pork crust crumble and a sauvignon blanc jus, is currently probably one of the most interesting fish dishes in Viennese gastronomy. Smoky, melty and buttery-tender, the ash-aged baked beef from Wagyu raised here comes with potato espuma, various onion textures and kimchi.&#8221;<\/p>\n<p class=\"font_9\">See: <a href=\"https:\/\/www.profil.at\/shortlist\/gesellschaft\/eatdrink-deval-hollaender-10656512\" target=\"_blank\" rel=\"nofollow noopener\">https:\/\/www.profil.at\/shortlist\/gesellschaft\/eatdrink-deval-hollaender-10656512<\/a><\/p>\n\t\t\t\t\t\t\t\t<\/div>\n\t\t\t\t<\/div>\n\t\t\t\t<\/div>\n\t\t<div class=\"elementor-element elementor-element-82c11de e-con-full e-flex e-con e-child\" data-id=\"82c11de\" data-element_type=\"container\" data-e-type=\"container\">\n\t\t\t\t<div class=\"elementor-element elementor-element-3a9b121 elementor-widget elementor-widget-heading\" data-id=\"3a9b121\" data-element_type=\"widget\" data-e-type=\"widget\" data-widget_type=\"heading.default\">\n\t\t\t\t<div class=\"elementor-widget-container\">\n\t\t\t\t\t<h2 class=\"elementor-heading-title elementor-size-default\">gastronews.wien - Restaurant review: DEVAL<\/h2>\t\t\t\t<\/div>\n\t\t\t\t<\/div>\n\t\t\t\t<div class=\"elementor-element elementor-element-2cd9472 elementor-widget elementor-widget-text-editor\" data-id=\"2cd9472\" data-element_type=\"widget\" data-e-type=\"widget\" data-widget_type=\"text-editor.default\">\n\t\t\t\t<div class=\"elementor-widget-container\">\n\t\t\t\t\t\t\t\t\t<p class=\"font_9\">&#8220;Thanks to his flourishing imagination and his firm belief in Austrian products, Daan de Val manages to create magic on the plate.&#8221;<\/p>\n<p class=\"font_9\">See: <a href=\"https:\/\/www.a-list.at\/oesterreich\/l\/4651\" target=\"_blank\" rel=\"nofollow noopener\">https:\/\/www.a-list.at\/oesterreich\/l\/4651<\/a><\/p>\n<p class=\"font_9\">See also Daan de Val in interview: <a href=\"https:\/\/gastronews.wien\/2019\/02\/autodidakt-macht-gourmet-kueche-daan-de-val-im-interview\/\" target=\"_blank\" rel=\"nofollow noopener\">https:\/\/gastronews.wien\/2019\/02\/autodidakt-macht-gourmet-kueche-daan-de-val-im-interview\/<\/a><\/p>\n\t\t\t\t\t\t\t\t<\/div>\n\t\t\t\t<\/div>\n\t\t\t\t<\/div>\n\t\t<div class=\"elementor-element elementor-element-d9e9610 e-con-full e-flex e-con e-child\" data-id=\"d9e9610\" data-element_type=\"container\" data-e-type=\"container\">\n\t\t\t\t<div class=\"elementor-element elementor-element-4cd9d3c elementor-widget elementor-widget-heading\" data-id=\"4cd9d3c\" data-element_type=\"widget\" data-e-type=\"widget\" data-widget_type=\"heading.default\">\n\t\t\t\t<div class=\"elementor-widget-container\">\n\t\t\t\t\t<h2 class=\"elementor-heading-title elementor-size-default\">Press showcase - Test meal at Deval: A Dutchman and his fairy tale menu<\/h2>\t\t\t\t<\/div>\n\t\t\t\t<\/div>\n\t\t\t\t<div class=\"elementor-element elementor-element-c9b63eb elementor-widget elementor-widget-text-editor\" data-id=\"c9b63eb\" data-element_type=\"widget\" data-e-type=\"widget\" data-widget_type=\"text-editor.default\">\n\t\t\t\t<div class=\"elementor-widget-container\">\n\t\t\t\t\t\t\t\t\t<p class=\"font_9\">&#8220;The red wine mayonnaise to go with homemade bread doesn&#8217;t use any oil, and is made of slightly dehydrated yolk and red wine: delicious.&#8221;<\/p>\n<p class=\"font_9\">See: <a href=\"https:\/\/diepresse.com\/home\/schaufenster\/gourmet\/lokalkritik\/5575634\/Testessen-im-Deval_Ein-Hollaender-und-sein-Maerchenmenue\" target=\"_blank\" rel=\"nofollow noopener\">https:\/\/diepresse.com\/home\/schaufenster\/gourmet\/lokalkritik\/5575634\/Testessen-im-Deval_Ein-Hollaender-und-sein-Maerchenmenue<\/a><\/p>\n<p class=\"font_9\"><a href=\"http:\/\/www.prost-magazin.at\/index.php?Itemid=184&amp;catid=75:gastronomie&amp;id=7875:gault-millau-2020-neu-mit-5-x-5-hauben&amp;option=com_content&amp;view=article\" target=\"_blank\" rel=\"nofollow noopener\">http:\/\/www.prost-magazin.at\/index.php?Itemid=184&amp;catid=75:gastronomie&amp;id=7875:gault-millau-2020-neu-mit-5-x-5-hauben&amp;option=com_content&amp;view=article<\/a><\/p>\n\t\t\t\t\t\t\t\t<\/div>\n\t\t\t\t<\/div>\n\t\t\t\t<\/div>\n\t\t\t\t<div class=\"elementor-element elementor-element-d257b09 elementor-widget elementor-widget-text-editor\" data-id=\"d257b09\" data-element_type=\"widget\" data-e-type=\"widget\" data-widget_type=\"text-editor.default\">\n\t\t\t\t<div class=\"elementor-widget-container\">\n\t\t\t\t\t\t\t\t\t<p class=\"font_7\">Please direct press inquiries to our Managing Director, Ms. Evelyn Schranz, by e-mail at <a href=\"mailto:office@devalrestaurant.at?subject=Presseanfrage%20DEVAL\" target=\"_self\">office@devalrestaurant.at.<\/a><\/p>\n\t\t\t\t\t\t\t\t<\/div>\n\t\t\t\t<\/div>\n\t\t\t\t\t<\/div>\n\t\t\t\t<\/div>\n\t\t\t\t<\/div>\n\t\t","protected":false},"excerpt":{"rendered":"<p>Press TRAVEL WHISPER &#8220;From the very first second we felt very comfortable at DEVAL&#8230;The evening slowed us down from our daily routine, allowing us to intensely engage with Chef Daan de Val&#8217;s curated 6-course menu. Evelyn and Daan have created a place in the heart of Vienna where they bring inspiring dishes to life. &#8220; [&hellip;]<\/p>\n","protected":false},"author":5,"featured_media":0,"parent":0,"menu_order":0,"comment_status":"closed","ping_status":"closed","template":"","meta":{"_seopress_robots_primary_cat":"","_seopress_titles_title":"","_seopress_titles_desc":"","_seopress_robots_index":"","footnotes":""},"class_list":["post-5538","page","type-page","status-publish","hentry"],"blocksy_meta":[],"_links":{"self":[{"href":"https:\/\/devalrestaurant.at\/en\/wp-json\/wp\/v2\/pages\/5538","targetHints":{"allow":["GET"]}}],"collection":[{"href":"https:\/\/devalrestaurant.at\/en\/wp-json\/wp\/v2\/pages"}],"about":[{"href":"https:\/\/devalrestaurant.at\/en\/wp-json\/wp\/v2\/types\/page"}],"author":[{"embeddable":true,"href":"https:\/\/devalrestaurant.at\/en\/wp-json\/wp\/v2\/users\/5"}],"replies":[{"embeddable":true,"href":"https:\/\/devalrestaurant.at\/en\/wp-json\/wp\/v2\/comments?post=5538"}],"version-history":[{"count":5,"href":"https:\/\/devalrestaurant.at\/en\/wp-json\/wp\/v2\/pages\/5538\/revisions"}],"predecessor-version":[{"id":8063,"href":"https:\/\/devalrestaurant.at\/en\/wp-json\/wp\/v2\/pages\/5538\/revisions\/8063"}],"wp:attachment":[{"href":"https:\/\/devalrestaurant.at\/en\/wp-json\/wp\/v2\/media?parent=5538"}],"curies":[{"name":"wp","href":"https:\/\/api.w.org\/{rel}","templated":true}]}}